{"id":2174,"date":"2019-10-22T13:42:46","date_gmt":"2019-10-22T11:42:46","guid":{"rendered":"https:\/\/fairtradeajourney.org\/impressum\/"},"modified":"2023-04-30T19:15:30","modified_gmt":"2023-04-30T17:15:30","slug":"impressum","status":"publish","type":"page","link":"https:\/\/fairtradeajourney.org\/en\/impressum\/","title":{"rendered":"Impressum"},"content":{"rendered":"\t\t<div data-elementor-type=\"wp-page\" data-elementor-id=\"2174\" class=\"elementor elementor-2174\">\n\t\t\t\t\t\t<section class=\"elementor-section elementor-top-section elementor-element elementor-element-440f5916 elementor-section-boxed elementor-section-height-default elementor-section-height-default\" data-id=\"440f5916\" data-element_type=\"section\">\n\t\t\t\t\t\t<div class=\"elementor-container elementor-column-gap-default\">\n\t\t\t\t\t<div class=\"elementor-column elementor-col-100 elementor-top-column elementor-element elementor-element-2bc026a0\" data-id=\"2bc026a0\" data-element_type=\"column\">\n\t\t\t<div class=\"elementor-widget-wrap elementor-element-populated\">\n\t\t\t\t\t\t<div class=\"elementor-element elementor-element-7be5cc31 elementor-widget elementor-widget-text-editor\" data-id=\"7be5cc31\" data-element_type=\"widget\" data-widget_type=\"text-editor.default\">\n\t\t\t\t<div class=\"elementor-widget-container\">\n\t\t\t\t\t\t\t<!-- wp:paragraph -->\r\n<p><strong>Angaben gem\u00e4\u00df \u00a7 5 TMG<\/strong><br \/>S. J. Sch\u00f6ler<br \/>Ruthsstra\u00dfe 24<br \/>64289 DA<br \/>Kontakt<br \/>E-Mail: stef.schl[at]yahoo.de<\/p>\r\n<!-- \/wp:paragraph -->\r\n\r\n<!-- wp:paragraph -->\r\n<p><br \/><strong> Verantwortlich f\u00fcr den Inhalt nach \u00a7 55 Abs. 2 RStV<\/strong><br \/>S. J. Sch\u00f6ler<br \/>Ruthsstra\u00dfe 24<br \/>64289 DA<\/p>\r\n<!-- \/wp:paragraph -->\r\n\r\n<!-- wp:paragraph -->\r\n<p><strong>Haftung f\u00fcr Inhalte<\/strong><br \/>Als Diensteanbieter sind wir gem\u00e4\u00df \u00a7 7 Abs.1 TMG f\u00fcr eigene Inhalte auf diesen Seiten nach den allgemeinen Gesetzen verantwortlich. Nach \u00a7\u00a7 8 bis 10 TMG sind wir als Diensteanbieter jedoch nicht verpflichtet, \u00fcbermittelte oder gespeicherte fremde Informationen zu \u00fcberwachen oder nach Umst\u00e4nden zu forschen, die auf eine rechtswidrige T\u00e4tigkeit hinweisen.<br \/>Verpflichtungen zur Entfernung oder Sperrung der Nutzung von Informationen nach den allgemeinen Gesetzen bleiben hiervon unber\u00fchrt. Eine diesbez\u00fcgliche Haftung ist jedoch erst ab dem Zeitpunkt der Kenntnis einer konkreten Rechtsverletzung m\u00f6glich. Bei Bekanntwerden von entsprechenden Rechtsverletzungen werden wir diese Inhalte umgehend entfernen.<\/p>\r\n<!-- \/wp:paragraph -->\r\n\r\n<!-- wp:paragraph -->\r\n<p><br \/><strong>Haftung f\u00fcr Links<\/strong><br \/>Unser Angebot enth\u00e4lt Links zu externen Websites Dritter, auf deren Inhalte wir keinen Einfluss haben.<br \/>Deshalb k\u00f6nnen wir f\u00fcr diese fremden Inhalte auch keine Gew\u00e4hr \u00fcbernehmen. F\u00fcr die Inhalte der verlinkten Seiten ist stets der jeweilige Anbieter oder Betreiber der Seiten verantwortlich. Die verlinkten<br \/>Seiten wurden zum Zeitpunkt der Verlinkung auf m\u00f6gliche Rechtsverst\u00f6\u00dfe \u00fcberpr\u00fcft. Rechtswidrige Inhalte waren zum Zeitpunkt der Verlinkung nicht erkennbar. Eine permanente inhaltliche Kontrolle der verlinkten Seiten ist jedoch ohne konkrete Anhaltspunkte einer Rechtsverletzung nicht zumutbar. Bei Bekanntwerden von Rechtsverletzungen werden wir derartige Links umgehend entfernen.<\/p>\r\n<!-- \/wp:paragraph -->\r\n\r\n<!-- wp:paragraph -->\r\n<p><br \/><strong>Urheberrecht<\/strong><br \/>Die durch die Seitenbetreiber erstellten Inhalte und Werke auf diesen Seiten unterliegen dem deutschen Urheberrecht. Die Vervielf\u00e4ltigung, Bearbeitung, Verbreitung und jede Art der Verwertung au\u00dferhalb der<br \/>Grenzen des Urheberrechtes bed\u00fcrfen der schriftlichen Zustimmung der jeweiligen Autorin bzw. Erstellerin. Downloads und Kopien dieser Seite sind nur f\u00fcr den privaten, nicht kommerziellen Gebrauch gestattet.<br \/>Soweit die Inhalte auf dieser Seite nicht vom Betreiber erstellt wurden, werden die Urheberrechte Dritter beachtet. Insbesondere werden Inhalte Dritter als solche gekennzeichnet. Sollten Sie trotzdem auf eine Urheberrechtsverletzung aufmerksam werden, bitten wir um einen entsprechenden Hinweis. Bei Bekanntwerden von Rechtsverletzungen werden wir derartige Inhalte umgehend entfernen.<br \/>Quelle: e-recht24.de<\/p>\r\n<!-- \/wp:paragraph -->\t\t\t\t\t\t<\/div>\n\t\t\t\t<\/div>\n\t\t\t\t\t<\/div>\n\t\t<\/div>\n\t\t\t\t\t<\/div>\n\t\t<\/section>\n\t\t\t\t<section class=\"elementor-section elementor-top-section elementor-element elementor-element-e8e7a3b elementor-section-boxed elementor-section-height-default elementor-section-height-default\" data-id=\"e8e7a3b\" data-element_type=\"section\">\n\t\t\t\t\t\t<div class=\"elementor-container elementor-column-gap-default\">\n\t\t\t\t\t<div class=\"elementor-column elementor-col-100 elementor-top-column elementor-element elementor-element-9d3289d\" data-id=\"9d3289d\" data-element_type=\"column\">\n\t\t\t<div class=\"elementor-widget-wrap\">\n\t\t\t\t\t\t\t<\/div>\n\t\t<\/div>\n\t\t\t\t\t<\/div>\n\t\t<\/section>\n\t\t\t\t<\/div>\n\t\t","protected":false},"excerpt":{"rendered":"<p>Angaben gem\u00e4\u00df \u00a7 5 TMGS. J. Sch\u00f6lerRuthsstra\u00dfe 2464289 DAKontaktE-Mail: stef.schl[at]yahoo.de Verantwortlich f\u00fcr den Inhalt nach \u00a7 55 Abs. 2 RStVS. J. Sch\u00f6lerRuthsstra\u00dfe 2464289 DA Haftung f\u00fcr InhalteAls Diensteanbieter sind wir gem\u00e4\u00df \u00a7 7 Abs.1 TMG f\u00fcr eigene Inhalte auf diesen Seiten nach den allgemeinen Gesetzen verantwortlich. Nach \u00a7\u00a7 8 bis 10 TMG sind wir als &hellip; <\/p>\n","protected":false},"author":1,"featured_media":0,"parent":0,"menu_order":0,"comment_status":"closed","ping_status":"closed","template":"","meta":[],"yoast_head":"<!-- This site is optimized with the Yoast SEO Premium plugin v18.0 (Yoast SEO v20.6) - https:\/\/yoast.com\/wordpress\/plugins\/seo\/ -->\n<title>Impressum &ndash; Fairtrade - a journey<\/title>\n<meta name=\"robots\" content=\"noindex, nofollow\" \/>\n<meta property=\"og:locale\" content=\"en_US\" \/>\n<meta property=\"og:type\" content=\"article\" \/>\n<meta property=\"og:title\" content=\"Impressum\" \/>\n<meta property=\"og:description\" content=\"Angaben gem\u00e4\u00df \u00a7 5 TMGS. J. Sch\u00f6lerRuthsstra\u00dfe 2464289 DAKontaktE-Mail: stef.schl[at]yahoo.de Verantwortlich f\u00fcr den Inhalt nach \u00a7 55 Abs. 2 RStVS. J. Sch\u00f6lerRuthsstra\u00dfe 2464289 DA Haftung f\u00fcr InhalteAls Diensteanbieter sind wir gem\u00e4\u00df \u00a7 7 Abs.1 TMG f\u00fcr eigene Inhalte auf diesen Seiten nach den allgemeinen Gesetzen verantwortlich. Nach \u00a7\u00a7 8 bis 10 TMG sind wir als &hellip;\" \/>\n<meta property=\"og:url\" content=\"https:\/\/fairtradeajourney.org\/en\/impressum\/\" \/>\n<meta property=\"og:site_name\" content=\"Fairtrade - a journey\" \/>\n<meta property=\"article:modified_time\" content=\"2023-04-30T17:15:30+00:00\" \/>\n<meta name=\"twitter:card\" content=\"summary_large_image\" \/>\n<meta name=\"twitter:label1\" content=\"Est. reading time\" \/>\n\t<meta name=\"twitter:data1\" content=\"2 minutes\" \/>\n<script type=\"application\/ld+json\" class=\"yoast-schema-graph\">{\"@context\":\"https:\/\/schema.org\",\"@graph\":[{\"@type\":\"WebPage\",\"@id\":\"https:\/\/fairtradeajourney.org\/en\/impressum\/\",\"url\":\"https:\/\/fairtradeajourney.org\/en\/impressum\/\",\"name\":\"Impressum &ndash; Fairtrade - a journey\",\"isPartOf\":{\"@id\":\"https:\/\/fairtradeajourney.org\/#website\"},\"datePublished\":\"2019-10-22T11:42:46+00:00\",\"dateModified\":\"2023-04-30T17:15:30+00:00\",\"breadcrumb\":{\"@id\":\"https:\/\/fairtradeajourney.org\/en\/impressum\/#breadcrumb\"},\"inLanguage\":\"en-US\",\"potentialAction\":[{\"@type\":\"ReadAction\",\"target\":[\"https:\/\/fairtradeajourney.org\/en\/impressum\/\"]}]},{\"@type\":\"BreadcrumbList\",\"@id\":\"https:\/\/fairtradeajourney.org\/en\/impressum\/#breadcrumb\",\"itemListElement\":[{\"@type\":\"ListItem\",\"position\":1,\"name\":\"Startseite\",\"item\":\"https:\/\/fairtradeajourney.org\/\"},{\"@type\":\"ListItem\",\"position\":2,\"name\":\"Impressum\"}]},{\"@type\":\"WebSite\",\"@id\":\"https:\/\/fairtradeajourney.org\/#website\",\"url\":\"https:\/\/fairtradeajourney.org\/\",\"name\":\"Fairtrade - a journey\",\"description\":\"Eine Website zum Thema Reisen und Fairtrade\",\"publisher\":{\"@id\":\"https:\/\/fairtradeajourney.org\/#\/schema\/person\/f7bc415c3cc89024dc9c6a1bdb5fed84\"},\"potentialAction\":[{\"@type\":\"SearchAction\",\"target\":{\"@type\":\"EntryPoint\",\"urlTemplate\":\"https:\/\/fairtradeajourney.org\/?s={search_term_string}\"},\"query-input\":\"required name=search_term_string\"}],\"inLanguage\":\"en-US\"},{\"@type\":[\"Person\",\"Organization\"],\"@id\":\"https:\/\/fairtradeajourney.org\/#\/schema\/person\/f7bc415c3cc89024dc9c6a1bdb5fed84\",\"name\":\"stefanieschoeler\",\"image\":{\"@type\":\"ImageObject\",\"inLanguage\":\"en-US\",\"@id\":\"https:\/\/fairtradeajourney.org\/#\/schema\/person\/image\/\",\"url\":\"https:\/\/secure.gravatar.com\/avatar\/852d1891ea21034b4f30f4ccbd610837?s=96&d=monsterid&r=g\",\"contentUrl\":\"https:\/\/secure.gravatar.com\/avatar\/852d1891ea21034b4f30f4ccbd610837?s=96&d=monsterid&r=g\",\"caption\":\"stefanieschoeler\"},\"logo\":{\"@id\":\"https:\/\/fairtradeajourney.org\/#\/schema\/person\/image\/\"}}]}<\/script>\n<!-- \/ Yoast SEO Premium plugin. -->","yoast_head_json":{"title":"Impressum &ndash; Fairtrade - a journey","robots":{"index":"noindex","follow":"nofollow"},"og_locale":"en_US","og_type":"article","og_title":"Impressum","og_description":"Angaben gem\u00e4\u00df \u00a7 5 TMGS. J. Sch\u00f6lerRuthsstra\u00dfe 2464289 DAKontaktE-Mail: stef.schl[at]yahoo.de Verantwortlich f\u00fcr den Inhalt nach \u00a7 55 Abs. 2 RStVS. J. Sch\u00f6lerRuthsstra\u00dfe 2464289 DA Haftung f\u00fcr InhalteAls Diensteanbieter sind wir gem\u00e4\u00df \u00a7 7 Abs.1 TMG f\u00fcr eigene Inhalte auf diesen Seiten nach den allgemeinen Gesetzen verantwortlich. Nach \u00a7\u00a7 8 bis 10 TMG sind wir als &hellip;","og_url":"https:\/\/fairtradeajourney.org\/en\/impressum\/","og_site_name":"Fairtrade - a journey","article_modified_time":"2023-04-30T17:15:30+00:00","twitter_card":"summary_large_image","twitter_misc":{"Est. reading time":"2 minutes"},"schema":{"@context":"https:\/\/schema.org","@graph":[{"@type":"WebPage","@id":"https:\/\/fairtradeajourney.org\/en\/impressum\/","url":"https:\/\/fairtradeajourney.org\/en\/impressum\/","name":"Impressum &ndash; Fairtrade - a journey","isPartOf":{"@id":"https:\/\/fairtradeajourney.org\/#website"},"datePublished":"2019-10-22T11:42:46+00:00","dateModified":"2023-04-30T17:15:30+00:00","breadcrumb":{"@id":"https:\/\/fairtradeajourney.org\/en\/impressum\/#breadcrumb"},"inLanguage":"en-US","potentialAction":[{"@type":"ReadAction","target":["https:\/\/fairtradeajourney.org\/en\/impressum\/"]}]},{"@type":"BreadcrumbList","@id":"https:\/\/fairtradeajourney.org\/en\/impressum\/#breadcrumb","itemListElement":[{"@type":"ListItem","position":1,"name":"Startseite","item":"https:\/\/fairtradeajourney.org\/"},{"@type":"ListItem","position":2,"name":"Impressum"}]},{"@type":"WebSite","@id":"https:\/\/fairtradeajourney.org\/#website","url":"https:\/\/fairtradeajourney.org\/","name":"Fairtrade - a journey","description":"Eine Website zum Thema Reisen und Fairtrade","publisher":{"@id":"https:\/\/fairtradeajourney.org\/#\/schema\/person\/f7bc415c3cc89024dc9c6a1bdb5fed84"},"potentialAction":[{"@type":"SearchAction","target":{"@type":"EntryPoint","urlTemplate":"https:\/\/fairtradeajourney.org\/?s={search_term_string}"},"query-input":"required name=search_term_string"}],"inLanguage":"en-US"},{"@type":["Person","Organization"],"@id":"https:\/\/fairtradeajourney.org\/#\/schema\/person\/f7bc415c3cc89024dc9c6a1bdb5fed84","name":"stefanieschoeler","image":{"@type":"ImageObject","inLanguage":"en-US","@id":"https:\/\/fairtradeajourney.org\/#\/schema\/person\/image\/","url":"https:\/\/secure.gravatar.com\/avatar\/852d1891ea21034b4f30f4ccbd610837?s=96&d=monsterid&r=g","contentUrl":"https:\/\/secure.gravatar.com\/avatar\/852d1891ea21034b4f30f4ccbd610837?s=96&d=monsterid&r=g","caption":"stefanieschoeler"},"logo":{"@id":"https:\/\/fairtradeajourney.org\/#\/schema\/person\/image\/"}}]}},"_links":{"self":[{"href":"https:\/\/fairtradeajourney.org\/en\/wp-json\/wp\/v2\/pages\/2174"}],"collection":[{"href":"https:\/\/fairtradeajourney.org\/en\/wp-json\/wp\/v2\/pages"}],"about":[{"href":"https:\/\/fairtradeajourney.org\/en\/wp-json\/wp\/v2\/types\/page"}],"author":[{"embeddable":true,"href":"https:\/\/fairtradeajourney.org\/en\/wp-json\/wp\/v2\/users\/1"}],"replies":[{"embeddable":true,"href":"https:\/\/fairtradeajourney.org\/en\/wp-json\/wp\/v2\/comments?post=2174"}],"version-history":[{"count":0,"href":"https:\/\/fairtradeajourney.org\/en\/wp-json\/wp\/v2\/pages\/2174\/revisions"}],"wp:attachment":[{"href":"https:\/\/fairtradeajourney.org\/en\/wp-json\/wp\/v2\/media?parent=2174"}],"curies":[{"name":"wp","href":"https:\/\/api.w.org\/{rel}","templated":true}]}}